{"id":532,"date":"2021-02-14T15:05:12","date_gmt":"2021-02-14T14:05:12","guid":{"rendered":"http:\/\/greatafrica.org\/gafr\/?page_id=532"},"modified":"2021-02-14T16:29:03","modified_gmt":"2021-02-14T15:29:03","slug":"empowerment","status":"publish","type":"page","link":"http:\/\/greatafrica.org\/de\/empowerment\/","title":{"rendered":"BEF\u00c4HIGUNG"},"content":{"rendered":"<div data-colibri-id=\"532-c1\" class=\"style-435 style-local-532-c1 position-relative\">\n  <!---->\n  <div data-colibri-component=\"section\" data-colibri-id=\"532-c2\" id=\"initial-content\" class=\"h-section h-section-global-spacing d-flex align-items-lg-center align-items-md-center align-items-center style-436 style-local-532-c2 position-relative\">\n    <!---->\n    <div class=\"h-separator\" style=\"height: 14px; top: 0px;\">\n      <svg style=\"fill:#03a9f4;\" xmlns=\"http:\/\/www.w3.org\/2000\/svg\" viewbox=\"0 0 1920 14.2\" preserveaspectratio=\"xMidYMax slice\">\n        <polygon points=\"40.2 0 61.1 14.2 82 0 102.9 14.2 123.8 0 144.7 14.2 165.6 0 186.5 14.2 207.4 0 228.3 14.2 249.2 0 270.1 14.2 291 0 311.9 14.2 332.8 0 353.8 14.2 374.7 0 395.6 14.2 416.5 0 437.4 14.2 458.3 0 479.2 14.2 500.1 0 521 14.2 541.9 0 562.8 14.2 583.7 0 604.6 14.2 625.5 0 646.4 14.2 667.3 0 688.2 14.2 709.1 0 730.1 14.2 750.9 0 771.9 14.2 792.8 0 813.7 14.2 834.6 0 855.5 14.2 876.4 0 897.3 14.2 918.2 0 939.1 14.2 960 0 980.9 14.2 1001.8 0 1022.7 14.2 1043.6 0 1064.5 14.2 1085.4 0 1106.3 14.2 1127.2 0 1148.1 14.2 1169.1 0 1190 14.2 1210.9 0 1231.8 14.2 1252.7 0 1273.6 14.2 1294.5 0 1315.4 14.2 1336.3 0 1357.2 14.2 1378.1 0 1399 14.2 1419.9 0 1440.8 14.2 1461.7 0 1482.6 14.2 1503.5 0 1524.4 14.2 1545.3 0 1566.2 14.2 1587.2 0 1608.1 14.2 1629 0 1649.9 14.2 1670.8 0 1691.7 14.2 1712.6 0 1733.5 14.2 1754.4 0 1775.3 14.2 1796.2 0 1817.1 14.2 1838 0 1858.9 14.2 1879.8 0 1900.7 14.2 1920 1.1 1920 0 0 0 0 1.1 19.3 14.2 40.2 0\"><\/polygon>\n      <\/svg>\n    <\/div>\n    <div class=\"h-separator\" style=\"height: 14px; bottom: 0px;\">\n      <svg style=\"fill:#03a9f4;transform:rotateX(180deg);\" xmlns=\"http:\/\/www.w3.org\/2000\/svg\" viewbox=\"0 0 1920 14.2\" preserveaspectratio=\"xMidYMax slice\">\n        <polygon points=\"40.2 0 61.1 14.2 82 0 102.9 14.2 123.8 0 144.7 14.2 165.6 0 186.5 14.2 207.4 0 228.3 14.2 249.2 0 270.1 14.2 291 0 311.9 14.2 332.8 0 353.8 14.2 374.7 0 395.6 14.2 416.5 0 437.4 14.2 458.3 0 479.2 14.2 500.1 0 521 14.2 541.9 0 562.8 14.2 583.7 0 604.6 14.2 625.5 0 646.4 14.2 667.3 0 688.2 14.2 709.1 0 730.1 14.2 750.9 0 771.9 14.2 792.8 0 813.7 14.2 834.6 0 855.5 14.2 876.4 0 897.3 14.2 918.2 0 939.1 14.2 960 0 980.9 14.2 1001.8 0 1022.7 14.2 1043.6 0 1064.5 14.2 1085.4 0 1106.3 14.2 1127.2 0 1148.1 14.2 1169.1 0 1190 14.2 1210.9 0 1231.8 14.2 1252.7 0 1273.6 14.2 1294.5 0 1315.4 14.2 1336.3 0 1357.2 14.2 1378.1 0 1399 14.2 1419.9 0 1440.8 14.2 1461.7 0 1482.6 14.2 1503.5 0 1524.4 14.2 1545.3 0 1566.2 14.2 1587.2 0 1608.1 14.2 1629 0 1649.9 14.2 1670.8 0 1691.7 14.2 1712.6 0 1733.5 14.2 1754.4 0 1775.3 14.2 1796.2 0 1817.1 14.2 1838 0 1858.9 14.2 1879.8 0 1900.7 14.2 1920 1.1 1920 0 0 0 0 1.1 19.3 14.2 40.2 0\"><\/polygon>\n      <\/svg>\n    <\/div>\n    <div class=\"h-section-grid-container h-section-boxed-container\">\n      <!---->\n      <div data-colibri-id=\"532-c3\" class=\"h-row-container gutters-row-lg-2 gutters-row-md-2 gutters-row-0 gutters-row-v-lg-2 gutters-row-v-md-2 gutters-row-v-2 style-437 style-local-532-c3 position-relative\">\n        <!---->\n        <div class=\"h-row justify-content-lg-center justify-content-md-center justify-content-center align-items-lg-stretch align-items-md-stretch align-items-stretch gutters-col-lg-2 gutters-col-md-2 gutters-col-0 gutters-col-v-lg-2 gutters-col-v-md-2 gutters-col-v-2\">\n          <!---->\n          <div class=\"h-column h-column-container d-flex h-col-lg-12 h-col-md-12 h-col-12 style-438-outer style-local-532-c4-outer\">\n            <div data-colibri-id=\"532-c4\" class=\"d-flex h-flex-basis h-column__inner h-px-lg-2 h-px-md-2 h-px-2 v-inner-lg-2 v-inner-md-2 v-inner-2 style-438 style-local-532-c4 position-relative\">\n              <!---->\n              <!---->\n              <div class=\"w-100 h-y-container h-column__content h-column__v-align flex-basis-100 align-self-lg-start align-self-md-start align-self-start\">\n                <!---->\n                <div data-colibri-id=\"532-c5\" class=\"style-439 style-local-532-c5 position-relative h-element\">\n                  <!---->\n                  <div>\n                    \n                    <p>- Kurz- und langfristige Unterbringung der Opfer durch \u00dcbernahme der Kosten f\u00fcr die Unterkunft.<\/p>\n                    \n\n                    \n                    <p>- Finanzielle Unterst\u00fctzung der Opfer bei der Gr\u00fcndung von Unternehmen, beim Erlernen eines Handwerks oder bei der Unterst\u00fctzung ihres Studiums, Bereitstellung von Unterrichtsmaterialien usw.<\/p>\n                    \n\n                    \n                    <p>- Motivationskurse, um das Selbstwertgef\u00fchl der Opfer zu st\u00e4rken und ihnen zu helfen, sich von massiver sexueller Ausbeutung und Missbrauch zu erholen.<\/p>\n                    \n\n                    \n                    <p>- Wir f\u00fchren Erl\u00f6sungsgebete f\u00fcr die von Voodoo betroffenen Opfer durch.<\/p>\n                    \n                  <\/div>\n                <\/div>\n              <\/div>\n            <\/div>\n          <\/div>\n        <\/div>\n      <\/div>\n    <\/div>\n  <\/div>\n<\/div>","protected":false},"excerpt":{"rendered":"<p>\u2013 Short and long term shelter for victims by paying for accommodation. \u2013 Empowering victims financially establish businesses, learning a trade or supporting their studies, providing education materials, etc. \u2013 Motivational classes to build the self esteem of victims and help them recover from massive sexual exploitation and abuse. \u2013 We conduct deliverence prayers for [&hellip;]<\/p>","protected":false},"author":1,"featured_media":0,"parent":0,"menu_order":0,"comment_status":"closed","ping_status":"closed","template":"page-templates\/full-width-page.php","meta":[],"_links":{"self":[{"href":"http:\/\/greatafrica.org\/de\/wp-json\/wp\/v2\/pages\/532"}],"collection":[{"href":"http:\/\/greatafrica.org\/de\/wp-json\/wp\/v2\/pages"}],"about":[{"href":"http:\/\/greatafrica.org\/de\/wp-json\/wp\/v2\/types\/page"}],"author":[{"embeddable":true,"href":"http:\/\/greatafrica.org\/de\/wp-json\/wp\/v2\/users\/1"}],"replies":[{"embeddable":true,"href":"http:\/\/greatafrica.org\/de\/wp-json\/wp\/v2\/comments?post=532"}],"version-history":[{"count":5,"href":"http:\/\/greatafrica.org\/de\/wp-json\/wp\/v2\/pages\/532\/revisions"}],"predecessor-version":[{"id":669,"href":"http:\/\/greatafrica.org\/de\/wp-json\/wp\/v2\/pages\/532\/revisions\/669"}],"wp:attachment":[{"href":"http:\/\/greatafrica.org\/de\/wp-json\/wp\/v2\/media?parent=532"}],"curies":[{"name":"wp","href":"https:\/\/api.w.org\/{rel}","templated":true}]}}